{"id":1073,"date":"2018-07-10T13:55:44","date_gmt":"2018-07-10T13:55:44","guid":{"rendered":"http:\/\/aston-estates.es\/?page_id=1073"},"modified":"2025-12-21T15:28:23","modified_gmt":"2025-12-21T15:28:23","slug":"contenedor","status":"publish","type":"page","link":"http:\/\/aston-estates.es\/?page_id=1073","title":{"rendered":"Contenedor"},"content":{"rendered":"<div class=\"brz-root__container brz-reset-all brz brz-root__container-page\">\n<section id=\"_shhzkcrtew\" class=\"brz-section brz-css-z5wikv brz-css-10dqkum\">\n<div class=\"brz-section__content brz-section--boxed brz-css-1khbzm7 brz-css-1fyi8lx\" data-brz-custom-id=\"jfeyfwxmbm\">\n<div class=\"brz-bg\">\n<div class=\"brz-bg-image\"><\/div>\n<\/div>\n<div class=\"brz-container brz-css-1axv5mc\">\n<div id=\"\" data-brz-iteration-count=\"1\" class=\"brz-css-17fd0gu brz-css-pcewdh brz-wrapper brz-animated brz-css-vdwu99 brz-css-120uw6r\" data-animationid=\"zrurjsvmer\">\n<div class=\"brz-rich-text brz-rich-text__custom brz-css-1w695em\" data-brz-custom-id=\"qqgisygozv\">\n<div data-brz-translate-text=\"1\">\n<h1 class=\"brz-text-lg-center brz-text-xs-center brz-tp-heading1 brz-css-hhRdp\"><span class=\"brz-cp-color8\">Arquitectura Modular<\/span><\/h1>\n<\/div>\n<\/div>\n<\/div>\n<div id=\"\" data-brz-iteration-count=\"1\" class=\"brz-css-17fd0gu brz-css-11onx2e brz-wrapper brz-animated brz-css-sqqj0g brz-css-16vtmit\" data-animationid=\"ygkhovyawy\">\n<div class=\"brz-rich-text brz-rich-text__custom brz-css-1w695em\" data-brz-custom-id=\"qhthbkfekb\">\n<div data-brz-translate-text=\"1\">\n<p class=\"brz-text-lg-right brz-tp-heading4 brz-text-xs-center brz-css-l5fOb\"><em class=\"brz-cp-color7\">Sostenible y Verde Desde Cero<\/em><\/p>\n<\/div>\n<\/div>\n<\/div>\n<\/div>\n<\/div>\n<\/section>\n<section id=\"_yrbmoxeryk\" class=\"brz-section brz-css-z5wikv\">\n<div class=\"brz-section__content brz-section--boxed brz-css-1khbzm7 brz-css-12ynfj6\" data-brz-custom-id=\"lbfiylbiqd\">\n<div class=\"brz-bg\">\n<div class=\"brz-bg-color\"><\/div>\n<\/div>\n<div class=\"brz-container brz-css-1axv5mc\">\n<div id=\"\" class=\"brz-css-17fd0gu brz-wrapper\">\n<div class=\"brz-rich-text brz-rich-text__custom brz-css-1w695em\" data-brz-custom-id=\"bgzsvhexkt\">\n<div data-brz-translate-text=\"1\">\n<p class=\"brz-text-xs-center brz-text-lg-center brz-tp-subtitle brz-css-rUKeO\"><span class=\"brz-cp-color3\">DESCUBRE LAS VENTAJAS DE LA ARQUITECTURA ALTAMENTE SOSTENIBLE<\/span><\/p>\n<\/div>\n<\/div>\n<\/div>\n<div id=\"\" class=\"brz-css-17fd0gu brz-css-80g5b1 brz-wrapper\">\n<div class=\"brz-rich-text brz-rich-text__custom brz-css-1w695em\" data-brz-custom-id=\"mqvzauophh\">\n<div data-brz-translate-text=\"1\">\n<p class=\"brz-tp-heading3 brz-text-lg-center brz-css-xPNlx\"><span class=\"brz-cp-color7\">Arquitectura en armon\u00eda con nuestro entorno. Sostenible y econ\u00f3mica mediante<\/span><\/p>\n<h3 class=\"brz-tp-heading3 brz-text-xs-center brz-text-lg-center brz-css-ubLFD\"><span class=\"brz-cp-color7\">el reciclaje creativo de materiales existentes. <\/span><\/h3>\n<\/div>\n<\/div>\n<\/div>\n<div id=\"\" class=\"brz-css-17fd0gu brz-css-1ubry8w brz-wrapper\">\n<div class=\"brz-image brz-css-ysazt8\" data-brz-custom-id=\"zyibmksrkm\"><img decoding=\"async\" class=\"brz-img\" src=\"http:\/\/aston-estates.es\/wp-content\/uploads\/brizy\/imgs\/Divider-234x2x0x0x234x2x1569321185.png\" alt=\"\" loading=\"lazy\"><\/div>\n<\/div>\n<div id=\"\" class=\"brz-css-17fd0gu brz-css-1sbq4mq brz-wrapper\">\n<div class=\"brz-rich-text brz-rich-text__custom brz-css-1w695em\" data-brz-custom-id=\"dzkxdgfdua\">\n<div data-brz-translate-text=\"1\">\n<p class=\"brz-tp-paragraph brz-text-lg-center brz-css-pDTD2\"><span class=\"brz-cp-color7\">Nuestro primer proyecto en Asturias comenzar\u00e1 en 2020. Despl\u00e1cese hacia abajo para<\/span><\/p>\n<p class=\"brz-text-xs-center brz-text-lg-center brz-tp-paragraph brz-css-qGmmA\"><span class=\"brz-cp-color7\">obtener m\u00e1s informaci\u00f3n o cont\u00e1ctenos.<\/span><\/p>\n<\/div>\n<\/div>\n<\/div>\n<div id=\"\" class=\"brz-css-17fd0gu brz-css-148ir2l brz-css-1dyh8dj brz-wrapper\">\n<div class=\"brz-spacer brz-css-pnmfe2 brz-css-16b982i\"><\/div>\n<\/div>\n<div id=\"\" class=\"brz-css-17fd0gu brz-wrapper\">\n<div class=\"brz-rich-text brz-rich-text__custom brz-css-1w695em\" data-brz-custom-id=\"iokwldmsjeohaasptevvzrhtshgecbgzifqr\">\n<div data-brz-translate-text=\"1\">\n<p class=\"brz-text-lg-center brz-lh-lg-1_8 brz-lh-sm-im-undefined brz-lh-xs-im-1_6 brz-ff-roboto brz-fs-lg-23 brz-fs-sm-im-24 brz-fs-xs-im-23 brz-ls-lg-3 brz-ls-sm-im-8 brz-ls-xs-im-8 brz-fw-lg-500 brz-fw-sm-im-500 brz-fw-xs-im-500 brz-css-pUJ0t\"><strong class=\"brz-cp-color3\">ARQUITECTURA MODULAR<\/strong><\/p>\n<\/div>\n<\/div>\n<\/div>\n<div class=\"brz-row__container brz-css-1pqg0a3\" data-brz-custom-id=\"skjsszkxim\">\n<div class=\"brz-bg\"><\/div>\n<div class=\"brz-row brz-css-1k23yla brz-css-tdz4x2\">\n<div class=\"brz-columns brz-css-yjl1t7 brz-css-1y6mmsg\" data-brz-custom-id=\"ctjiosexcq\">\n<div class=\"brz-bg\"><\/div>\n<div class=\"brz-column__items brz-css-1uqyktf\">\n<div id=\"\" class=\"brz-css-17fd0gu brz-css-1wfol3o brz-wrapper\">\n<div class=\"brz-image brz-css-4cl44g\" data-brz-custom-id=\"xceyvvewmx\"><img decoding=\"async\" class=\"brz-img\" src=\"http:\/\/aston-estates.es\/wp-content\/uploads\/brizy\/imgs\/AEgc4-360x240x0x25x360x189x1569413304.jpg\" alt=\"\" loading=\"lazy\"><\/div>\n<\/div>\n<div class=\"brz-row__container brz-css-1pqg0a3\" data-brz-custom-id=\"twqfsmgbsu\">\n<div class=\"brz-bg\"><\/div>\n<div class=\"brz-row brz-row--inner brz-css-1k23yla brz-css-tdz4x2\">\n<div class=\"brz-columns brz-css-yjl1t7 brz-css-him6lr\" data-brz-custom-id=\"bbpkaglmjs\">\n<div class=\"brz-bg\"><\/div>\n<div class=\"brz-column__items brz-css-1uqyktf brz-css-1lja4fp\">\n<div id=\"\" class=\"brz-css-17fd0gu brz-css-1nffsvv brz-wrapper\">\n<div class=\"brz-rich-text brz-rich-text__custom brz-css-1w695em\" data-brz-custom-id=\"pncolvtuiu\">\n<div data-brz-translate-text=\"1\">\n<h5 class=\"brz-tp-heading5 brz-text-lg-left brz-css-rEEHk\"><span class=\"brz-cp-color3\">Verde desde cero<\/span><\/h5>\n<\/div>\n<\/div>\n<\/div>\n<div id=\"\" class=\"brz-css-17fd0gu brz-css-10dvtft brz-wrapper\">\n<div class=\"brz-rich-text brz-rich-text__custom brz-css-1w695em\" data-brz-custom-id=\"qrvrxcqpdf\">\n<div data-brz-translate-text=\"1\">\n<p class=\"brz-lh-lg-1_9 brz-lh-sm-im-undefined brz-lh-xs-im-1_4 brz-fs-lg-16 brz-fs-sm-im-undefined brz-fs-xs-im-16 brz-ls-lg-0_5 brz-ls-sm-im-undefined brz-ls-xs-im-0 brz-ff-crimson_text brz-fw-lg-400 brz-fw-sm-im-undefined brz-fw-xs-im-500 brz-ft-google brz-css-fOGIV\"><em class=\"brz-cp-color4\">Recicla de la forma m\u00e1s creativa lo que ya existe<\/em><\/p>\n<\/div>\n<\/div>\n<\/div>\n<div id=\"\" class=\"brz-css-17fd0gu brz-css-1570zd brz-wrapper\">\n<div class=\"brz-rich-text brz-rich-text__custom brz-css-1w695em\" data-brz-custom-id=\"bkoymasldf\">\n<div data-brz-translate-text=\"1\">\n<p class=\"brz-tp-paragraph brz-css-tCZkp\"><span class=\"brz-cp-color7\">Al reutilizar estructuras de acero existentes que ya<\/span><\/p>\n<p class=\"brz-tp-paragraph brz-text-lg-left brz-css-mvDka\"><span class=\"brz-cp-color7\">han sido utilizadas durante a\u00f1os, podemos decir que nuestras casas se encuentran entre las construcciones m\u00e1s ecol\u00f3gicas del mercado, con su singular e inconfundible dise\u00f1o inculido.<\/span><span class=\"brz-cp-color4\"> <\/span><\/p>\n<\/div>\n<\/div>\n<\/div>\n<\/div>\n<\/div>\n<\/div>\n<\/div>\n<\/div>\n<\/div>\n<div class=\"brz-columns brz-css-yjl1t7 brz-css-1qw3tm0\" data-brz-custom-id=\"crndykxxba\">\n<div class=\"brz-bg\"><\/div>\n<div class=\"brz-column__items brz-css-1uqyktf\">\n<div id=\"\" class=\"brz-css-17fd0gu brz-css-gs1gj5 brz-wrapper\">\n<div class=\"brz-image brz-css-a1p5qr\" data-brz-custom-id=\"izawnjqyis\"><img decoding=\"async\" class=\"brz-img\" src=\"http:\/\/aston-estates.es\/wp-content\/uploads\/brizy\/imgs\/AEgc3-360x240x0x25x360x189x1569413341.jpg\" alt=\"\" loading=\"lazy\"><\/div>\n<\/div>\n<div class=\"brz-row__container brz-css-1pqg0a3\" data-brz-custom-id=\"mxzhghzzxn\">\n<div class=\"brz-bg\"><\/div>\n<div class=\"brz-row brz-row--inner brz-css-1k23yla brz-css-tdz4x2\">\n<div class=\"brz-columns brz-css-yjl1t7 brz-css-1pv0rht\" data-brz-custom-id=\"vpknfghwbm\">\n<div class=\"brz-bg\"><\/div>\n<div class=\"brz-column__items brz-css-1uqyktf brz-css-1220kmt\">\n<div id=\"\" class=\"brz-css-17fd0gu brz-css-12zhasy brz-wrapper\">\n<div class=\"brz-rich-text brz-rich-text__custom brz-css-1w695em\" data-brz-custom-id=\"tjdcdwonoe\">\n<div data-brz-translate-text=\"1\">\n<h5 class=\"brz-text-lg-left brz-tp-heading5 brz-css-xGeqx\"><span class=\"brz-cp-color3\"> Sostenible<\/span><\/h5>\n<\/div>\n<\/div>\n<\/div>\n<div id=\"\" class=\"brz-css-17fd0gu brz-css-1bf4gsp brz-wrapper\">\n<div class=\"brz-rich-text brz-rich-text__custom brz-css-1w695em\" data-brz-custom-id=\"vzxictwekx\">\n<div data-brz-translate-text=\"1\">\n<p class=\"brz-tp-heading6 brz-css-sFYbG\"><em class=\"brz-cp-color4\">Protege el mediambiente<\/em><\/p>\n<\/div>\n<\/div>\n<\/div>\n<div id=\"\" class=\"brz-css-17fd0gu brz-css-gxzgea brz-wrapper\">\n<div class=\"brz-rich-text brz-rich-text__custom brz-css-1w695em\" data-brz-custom-id=\"kakbunbhpi\">\n<div data-brz-translate-text=\"1\">\n<p class=\"brz-text-lg-left brz-tp-paragraph brz-css-n22bM\"><span class=\"brz-cp-color7\">ASTON ESTATES  S.L. se compromete a emplear materiales y recursos energ\u00e9ticos hasta su m\u00e1ximo uso final y eficiencia a fin de limitar el impacto de nuestros dise\u00f1os en nuestro entorno.<\/span><\/p>\n<\/div>\n<\/div>\n<\/div>\n<\/div>\n<\/div>\n<\/div>\n<\/div>\n<\/div>\n<\/div>\n<div class=\"brz-columns brz-css-yjl1t7 brz-css-1lelffk\" data-brz-custom-id=\"mexjopfnpy\">\n<div class=\"brz-bg\"><\/div>\n<div class=\"brz-column__items brz-css-1uqyktf\">\n<div id=\"\" class=\"brz-css-17fd0gu brz-css-m4y3ot brz-wrapper\">\n<div class=\"brz-image brz-css-1xgsb5w\" data-brz-custom-id=\"nzpragywbd\"><img decoding=\"async\" class=\"brz-img\" src=\"http:\/\/aston-estates.es\/wp-content\/uploads\/brizy\/imgs\/AEgc1-361x241x0x25x361x190x1569413376.jpg\" alt=\"\" loading=\"lazy\"><\/div>\n<\/div>\n<div class=\"brz-row__container brz-css-1pqg0a3\" data-brz-custom-id=\"ymzonyizgy\">\n<div class=\"brz-bg\"><\/div>\n<div class=\"brz-row brz-row--inner brz-css-1k23yla brz-css-tdz4x2\">\n<div class=\"brz-columns brz-css-yjl1t7 brz-css-geol7j\" data-brz-custom-id=\"yigjsyvule\">\n<div class=\"brz-bg\"><\/div>\n<div class=\"brz-column__items brz-css-1uqyktf brz-css-1l863av\">\n<div id=\"\" class=\"brz-css-17fd0gu brz-css-73j86r brz-wrapper\">\n<div class=\"brz-rich-text brz-rich-text__custom brz-css-1w695em\" data-brz-custom-id=\"zekxvmvuzq\">\n<div data-brz-translate-text=\"1\">\n<h5 class=\"brz-text-lg-left brz-tp-heading5 brz-css-p0AiQ\"><span class=\"brz-cp-color3\">Eficiencia Energ\u00e9ticaer <\/span><\/h5>\n<\/div>\n<\/div>\n<\/div>\n<div id=\"\" class=\"brz-css-17fd0gu brz-css-xdgopx brz-wrapper\">\n<div class=\"brz-rich-text brz-rich-text__custom brz-css-1w695em\" data-brz-custom-id=\"ibfxgahiog\">\n<div data-brz-translate-text=\"1\">\n<p class=\"brz-tp-heading6 brz-css-ibAQS\"><em class=\"brz-cp-color4\">Logra la ecxelencia y ahorra dinero<\/em><\/p>\n<\/div>\n<\/div>\n<\/div>\n<div id=\"\" class=\"brz-css-17fd0gu brz-css-y7pd1o brz-wrapper\">\n<div class=\"brz-rich-text brz-rich-text__custom brz-css-1w695em\" data-brz-custom-id=\"dxbivipbcs\">\n<div data-brz-translate-text=\"1\">\n<p class=\"brz-tp-paragraph brz-css-drNiE\"><span class=\"brz-cp-color7\">Mediante la aplicaci\u00f3n de las t\u00e9cnicas m\u00e1s avanzadas, as\u00ed como un aislamiento t\u00e9rmico<\/span><\/p>\n<p class=\"brz-text-lg-left brz-tp-paragraph brz-css-xDVh2\"><span class=\"brz-cp-color7\">adecuado de la estructura, nuestras casas logran un excepcional equilibrio energ\u00e9tico.<\/span><\/p>\n<\/div>\n<\/div>\n<\/div>\n<\/div>\n<\/div>\n<\/div>\n<\/div>\n<\/div>\n<\/div>\n<\/div>\n<\/div>\n<div id=\"\" class=\"brz-css-17fd0gu brz-css-148ir2l brz-css-fxiw0v brz-wrapper\">\n<div class=\"brz-spacer brz-css-pnmfe2 brz-css-86fpsp\"><\/div>\n<\/div>\n<div class=\"brz-row__container brz-css-1pqg0a3\" data-brz-custom-id=\"suguhjsfzs\">\n<div class=\"brz-bg\"><\/div>\n<div class=\"brz-row brz-css-1k23yla brz-css-tdz4x2\">\n<div class=\"brz-columns brz-css-yjl1t7 brz-css-1mz79ol\" data-brz-custom-id=\"ennqvqdhec\">\n<div class=\"brz-bg\"><\/div>\n<div class=\"brz-column__items brz-css-1uqyktf\">\n<div id=\"\" class=\"brz-css-17fd0gu brz-css-2o4h0d brz-wrapper\">\n<div class=\"brz-image brz-css-1hzi9t5\" data-brz-custom-id=\"ddbkbsckzq\"><img decoding=\"async\" class=\"brz-img\" src=\"http:\/\/aston-estates.es\/wp-content\/uploads\/brizy\/imgs\/Container-homes-25-bw-360x202x0x5x360x192x1569416445.jpg\" alt=\"\" loading=\"lazy\"><\/div>\n<\/div>\n<div class=\"brz-row__container brz-css-1pqg0a3\" data-brz-custom-id=\"clbtppwavp\">\n<div class=\"brz-bg\"><\/div>\n<div class=\"brz-row brz-row--inner brz-css-1k23yla brz-css-tdz4x2\">\n<div class=\"brz-columns brz-css-yjl1t7 brz-css-1ck988y\" data-brz-custom-id=\"lfjhqttroa\">\n<div class=\"brz-bg\"><\/div>\n<div class=\"brz-column__items brz-css-1uqyktf brz-css-1e7zxx0\">\n<div id=\"\" class=\"brz-css-17fd0gu brz-css-qwqk9i brz-wrapper\">\n<div class=\"brz-rich-text brz-rich-text__custom brz-css-1w695em\" data-brz-custom-id=\"xereitvfmm\">\n<div data-brz-translate-text=\"1\">\n<h5 class=\"brz-tp-heading5 brz-text-lg-left brz-css-yxqZQ\"><span class=\"brz-cp-color3\">Espacios Saludables&nbsp;<\/span><\/h5>\n<\/div>\n<\/div>\n<\/div>\n<div id=\"\" class=\"brz-css-17fd0gu brz-css-foc5k7 brz-wrapper\">\n<div class=\"brz-rich-text brz-rich-text__custom brz-css-1w695em\" data-brz-custom-id=\"tzewsicazd\">\n<div data-brz-translate-text=\"1\">\n<p class=\"brz-tp-heading6 brz-ff-crimson_text brz-ft-google brz-fw-lg-400 brz-fw-sm-im-400 brz-fw-xs-im-400 brz-css-iDTQR\"><em class=\"brz-cp-color4\">Para tu familia s\u00f3lo lo mejor<\/em><\/p>\n<\/div>\n<\/div>\n<\/div>\n<div id=\"\" class=\"brz-css-17fd0gu brz-css-4h2wpc brz-wrapper\">\n<div class=\"brz-rich-text brz-rich-text__custom brz-css-1w695em\" data-brz-custom-id=\"ctgpnjinph\">\n<div data-brz-translate-text=\"1\">\n<p class=\"brz-tp-paragraph brz-css-eZIe6\"><span class=\"brz-cp-color7\">Al usar s\u00f3lo productos ecol\u00f3gicos, nuestros hogares aseguran un espacio interior<\/span><\/p>\n<p class=\"brz-text-lg-left brz-tp-paragraph brz-css-wZQP3\"><span class=\"brz-cp-color7\">saludable y no t\u00f3xico. Son verdes desde cero y te mantienen a ti y a tu familia sanos<\/span><\/p>\n<\/div>\n<\/div>\n<\/div>\n<\/div>\n<\/div>\n<\/div>\n<\/div>\n<\/div>\n<\/div>\n<div class=\"brz-columns brz-css-yjl1t7 brz-css-tqmrry\" data-brz-custom-id=\"jwabrswekb\">\n<div class=\"brz-bg\"><\/div>\n<div class=\"brz-column__items brz-css-1uqyktf\">\n<div id=\"\" class=\"brz-css-17fd0gu brz-css-11oxzg5 brz-wrapper\">\n<div class=\"brz-image brz-css-5frmdm\" data-brz-custom-id=\"fhsjjnfqpqrwobcpkfolkgkqbxolkfhtoane\"><img decoding=\"async\" class=\"brz-img\" src=\"http:\/\/aston-estates.es\/wp-content\/uploads\/brizy\/imgs\/Container-homes-26-bw-360x202x0x6x360x190x1569416517.jpg\" alt=\"\" loading=\"lazy\"><\/div>\n<\/div>\n<div class=\"brz-row__container brz-css-1pqg0a3\" data-brz-custom-id=\"unhndxdazr\">\n<div class=\"brz-bg\"><\/div>\n<div class=\"brz-row brz-row--inner brz-css-1k23yla brz-css-tdz4x2\">\n<div class=\"brz-columns brz-css-yjl1t7 brz-css-1xlnb6d\" data-brz-custom-id=\"vbzjxiibvk\">\n<div class=\"brz-bg\"><\/div>\n<div class=\"brz-column__items brz-css-1uqyktf brz-css-sjrz09\">\n<div id=\"\" class=\"brz-css-17fd0gu brz-css-1ctoirj brz-wrapper\">\n<div class=\"brz-rich-text brz-rich-text__custom brz-css-1w695em\" data-brz-custom-id=\"njfrtehmpb\">\n<div data-brz-translate-text=\"1\">\n<h5 class=\"brz-tp-heading5 brz-text-lg-left brz-css-iaH9T\"><span class=\"brz-cp-color3\">Asequible<\/span><\/h5>\n<\/div>\n<\/div>\n<\/div>\n<div id=\"\" class=\"brz-css-17fd0gu brz-css-ll6m63 brz-wrapper\">\n<div class=\"brz-rich-text brz-rich-text__custom brz-css-1w695em\" data-brz-custom-id=\"ckbrvlogfd\">\n<div data-brz-translate-text=\"1\">\n<p class=\"brz-tp-heading6 brz-css-lcT8_\"><em class=\"brz-cp-color4\">Ahorre su dinero<\/em><\/p>\n<\/div>\n<\/div>\n<\/div>\n<div id=\"\" class=\"brz-css-17fd0gu brz-css-xd5d5p brz-wrapper\">\n<div class=\"brz-rich-text brz-rich-text__custom brz-css-1w695em\" data-brz-custom-id=\"axlkjhqaep\">\n<div data-brz-translate-text=\"1\">\n<p class=\"brz-tp-paragraph brz-css-eKUha\"><span class=\"brz-cp-color7\">Mediante la maximizaci\u00f3n en la reutilizaci\u00f3n de materiales ya existentes, no s\u00f3lo logramos un<\/span><\/p>\n<p class=\"brz-tp-paragraph brz-css-bhr5Q\"><span class=\"brz-cp-color7\">equilibrio energ\u00e9tico excepcional, sino que tambi\u00e9n<\/span><\/p>\n<p class=\"brz-text-lg-left brz-tp-paragraph brz-css-kE2jq\"><span class=\"brz-cp-color7\">conseguimos ofrecer hogares de bajo coste.<\/span><\/p>\n<\/div>\n<\/div>\n<\/div>\n<\/div>\n<\/div>\n<\/div>\n<\/div>\n<\/div>\n<\/div>\n<div class=\"brz-columns brz-css-yjl1t7 brz-css-rp1kcd\" data-brz-custom-id=\"ozcljpwvhdrljjndhytgivviksioyohgjjbl\">\n<div class=\"brz-bg\"><\/div>\n<div class=\"brz-column__items brz-css-1uqyktf\">\n<div id=\"\" class=\"brz-css-17fd0gu brz-css-1raxeqj brz-wrapper\">\n<div class=\"brz-image brz-css-mrfisl\" data-brz-custom-id=\"gfpvzjojqfkitmfwydunxnnfrnsbwlztzttv\"><img decoding=\"async\" class=\"brz-img\" src=\"http:\/\/aston-estates.es\/wp-content\/uploads\/brizy\/imgs\/Container-homes-23-bw-361x203x0x6x361x191x1569416629.jpg\" alt=\"\" loading=\"lazy\"><\/div>\n<\/div>\n<div class=\"brz-row__container brz-css-1pqg0a3\" data-brz-custom-id=\"vfzptomiowmdrdraptbzjffgjnojxudsshwd\">\n<div class=\"brz-bg\"><\/div>\n<div class=\"brz-row brz-row--inner brz-css-1k23yla brz-css-tdz4x2\">\n<div class=\"brz-columns brz-css-yjl1t7 brz-css-1wqmuy3\" data-brz-custom-id=\"vwhgbmzsfayuyexzzarzukneiisoxqqjoglk\">\n<div class=\"brz-bg\"><\/div>\n<div class=\"brz-column__items brz-css-1uqyktf brz-css-15yhk55\">\n<div id=\"\" class=\"brz-css-17fd0gu brz-css-1n5aza2 brz-wrapper\">\n<div class=\"brz-rich-text brz-rich-text__custom brz-css-1w695em\" data-brz-custom-id=\"qhkoojrjojwtirgvvyxtxrtpoqicfuociazp\">\n<div data-brz-translate-text=\"1\">\n<h5 class=\"brz-text-lg-left brz-tp-heading5 brz-css-s9tqy\"><span class=\"brz-cp-color3\">Construcci\u00f3n r\u00e1pida<\/span><\/h5>\n<\/div>\n<\/div>\n<\/div>\n<div id=\"\" class=\"brz-css-17fd0gu brz-css-18wwuez brz-wrapper\">\n<div class=\"brz-rich-text brz-rich-text__custom brz-css-1w695em\" data-brz-custom-id=\"byiozorncrhtwdzvhidbihyevjigrstufbop\">\n<div data-brz-translate-text=\"1\">\n<p class=\"brz-tp-heading6 brz-css-tvBZC\"><em class=\"brz-cp-color4\">Construye la casa de tus sue\u00f1os m\u00e1s r\u00e1pido<\/em><em class=\"brz-cp-color4\"> <\/em><\/p>\n<\/div>\n<\/div>\n<\/div>\n<div id=\"\" class=\"brz-css-17fd0gu brz-css-1bh9tjf brz-wrapper\">\n<div class=\"brz-rich-text brz-rich-text__custom brz-css-1w695em\" data-brz-custom-id=\"egojwygnyiexjailehrsaxrnawhwqthnbywv\">\n<div data-brz-translate-text=\"1\">\n<p class=\"brz-text-lg-left brz-tp-paragraph brz-css-cpd5P\"><span class=\"brz-cp-color7\">Mediante el reciclaje creativo de los materiales existentes, se puede lograr una construcci\u00f3n m\u00e1s r\u00e1pida en su totalidad. No se necesitan grandes excavaciones ni cimientos, podemos comenzar a construir su proyecto de inmediato.<\/span><\/p>\n<\/div>\n<\/div>\n<\/div>\n<\/div>\n<\/div>\n<\/div>\n<\/div>\n<\/div>\n<\/div>\n<\/div>\n<\/div>\n<div class=\"brz-wrapper-clone brz-css-14qcp0w brz-css-1lsyrkl\">\n<div class=\"brz-d-xs-flex brz-flex-xs-wrap brz-css-wr2p4t\" data-brz-custom-id=\"\">\n<div class=\"brz-wrapper-clone__item\" id=\"uqzavwyxifatkhzrforlvkdmujedxagelups\"><a class=\"brz-a brz-btn brz-css-knec5o brz-css-1czg65j\" href=\"\/?page_id=1078\" target=\"_self\" rel=\"noopener\" data-brz-link-type=\"external\" data-brz-custom-id=\"uqzavwyxifatkhzrforlvkdmujedxagelups\"><span data-brz-translate-text=\"1\" class=\"brz-span brz-text__editor\">CONTACTENOS<\/span><\/a><\/div>\n<\/div>\n<\/div>\n<div id=\"\" class=\"brz-css-17fd0gu brz-css-17rtunn brz-wrapper\">\n<div class=\"brz-image brz-css-8ydn4e\" data-brz-custom-id=\"frrswvhyyvxhklyrysgmdyuoiyqdnolhiviw\"><img decoding=\"async\" class=\"brz-img\" src=\"http:\/\/aston-estates.es\/wp-content\/uploads\/brizy\/imgs\/Divider-234x2x0x0x234x2x1569321185.png\" alt=\"\" loading=\"lazy\"><\/div>\n<\/div>\n<\/div>\n<\/div>\n<\/section>\n<\/div>\n<p>    <!-- version:1737547437 --><\/p>\n","protected":false},"excerpt":{"rendered":"<p>Arquitectura Modular Sostenible y Verde Desde Cero DESCUBRE LAS VENTAJAS DE LA ARQUITECTURA ALTAMENTE SOSTENIBLE Arquitectura en armon\u00eda con nuestro entorno. Sostenible y econ\u00f3mica mediante el reciclaje creativo de materiales existentes. Nuestro primer proyecto en Asturias comenzar\u00e1 en 2020. Despl\u00e1cese hacia abajo para obtener m\u00e1s informaci\u00f3n o cont\u00e1ctenos. ARQUITECTURA MODULAR Verde desde cero Recicla de [&hellip;]<\/p>\n","protected":false},"author":1,"featured_media":0,"parent":0,"menu_order":0,"comment_status":"closed","ping_status":"closed","template":"","meta":{"footnotes":""},"class_list":["post-1073","page","type-page","status-publish","hentry"],"brizy_media":[{"id":91,"url":"http:\/\/aston-estates.es\/wp-content\/uploads\/2015\/12\/Divider.png","name":"Divider.png","meta":{"brizy_attachment_uid":"wp-4e5aef9b76359df998b85488373e7636","brizy_post_uid":["17ca8dcea84838c9c659ed42c9391414","08558c05ac349cf45556a3267d942d98","d0f0fd1a9b3859fc146861dd8446d6e4","e4e4a9aad05852357c69540ef8ac34d3","dc4e8af83eee10336fcf110fb336b4ef","5ae111a3a7925d42b17d7a0a6bb9dca4"]}},{"id":551,"url":"http:\/\/aston-estates.es\/wp-content\/uploads\/2016\/01\/Contact-Header.jpg","name":"Contact-Header.jpg","meta":{"brizy_attachment_uid":"wp-19f355799d2ca9ca883cc38bdf7ab5c3","brizy_post_uid":["e4e4a9aad05852357c69540ef8ac34d3"]}},{"id":735,"url":"http:\/\/aston-estates.es\/wp-content\/uploads\/2016\/01\/Accommodation-Slider-10.jpg","name":"Accommodation-Slider-10.jpg","meta":{"brizy_attachment_uid":"wp-a2c0eab3b7395b14ca067005a8209d7e","brizy_post_uid":["e4e4a9aad05852357c69540ef8ac34d3"]}},{"id":745,"url":"http:\/\/aston-estates.es\/wp-content\/uploads\/2015\/12\/Photo4-1.jpg","name":"Photo4-1.jpg","meta":{"brizy_attachment_uid":"wp-298281581f81545c28a56067525b60e6","brizy_post_uid":["e4e4a9aad05852357c69540ef8ac34d3"]}},{"id":778,"url":"http:\/\/aston-estates.es\/wp-content\/uploads\/2016\/01\/Tourists-Seminar.jpg","name":"Tourists-Seminar.jpg","meta":{"brizy_attachment_uid":"wp-d6f7ff2a7738122bea67316fc84f6cb5","brizy_post_uid":["e4e4a9aad05852357c69540ef8ac34d3"]}},{"id":780,"url":"http:\/\/aston-estates.es\/wp-content\/uploads\/2016\/01\/Pathfinders-Photo-Competition-1.jpg","name":"Pathfinders-Photo-Competition-1.jpg","meta":{"brizy_attachment_uid":"wp-f7457d7c0d1d794b94604ffe2cf57b6f","brizy_post_uid":["e4e4a9aad05852357c69540ef8ac34d3"]}},{"id":788,"url":"http:\/\/aston-estates.es\/wp-content\/uploads\/2016\/01\/Mountain-Rage-1.jpg","name":"Mountain-Rage-1.jpg","meta":{"brizy_attachment_uid":"wp-1a2c02eacc4bccd8ea54834175386dd6","brizy_post_uid":["e4e4a9aad05852357c69540ef8ac34d3"]}},{"id":1639,"url":"http:\/\/aston-estates.es\/wp-content\/uploads\/2019\/09\/AE-SCH1-bw-1.jpg","name":"AE-SCH1-bw-1.jpg","meta":{"brizy_attachment_uid":"wp-fc872ffbcb535cd50f71ad036cac7899","brizy_post_uid":["e4e4a9aad05852357c69540ef8ac34d3"]}},{"id":1656,"url":"http:\/\/aston-estates.es\/wp-content\/uploads\/2019\/09\/AEgc4.jpg","name":"AEgc4.jpg","meta":{"brizy_attachment_uid":"wp-5c9125af95f8c82a9b5561491086c90b","brizy_post_uid":["e4e4a9aad05852357c69540ef8ac34d3"]}},{"id":1657,"url":"http:\/\/aston-estates.es\/wp-content\/uploads\/2019\/09\/AEgc3.jpg","name":"AEgc3.jpg","meta":{"brizy_attachment_uid":"wp-4b42c2e58e368097dbdf38713aa09214","brizy_post_uid":["e4e4a9aad05852357c69540ef8ac34d3"]}},{"id":1658,"url":"http:\/\/aston-estates.es\/wp-content\/uploads\/2019\/09\/AEgc1.jpg","name":"AEgc1.jpg","meta":{"brizy_attachment_uid":"wp-411e13dfc05da40e4f927454494fc798","brizy_post_uid":["e4e4a9aad05852357c69540ef8ac34d3"]}},{"id":1695,"url":"http:\/\/aston-estates.es\/wp-content\/uploads\/2019\/09\/Container-homes-25-bw.jpg","name":"Container-homes-25-bw.jpg","meta":{"brizy_attachment_uid":"wp-9a8900490c93547db14a116db4ee286c","brizy_post_uid":["e4e4a9aad05852357c69540ef8ac34d3"]}},{"id":1700,"url":"http:\/\/aston-estates.es\/wp-content\/uploads\/2019\/09\/Container-homes-26-bw.jpg","name":"Container-homes-26-bw.jpg","meta":{"brizy_attachment_uid":"wp-66d5f5e1bd94b99c80e49213c6e41f68","brizy_post_uid":["e4e4a9aad05852357c69540ef8ac34d3"]}},{"id":1701,"url":"http:\/\/aston-estates.es\/wp-content\/uploads\/2019\/09\/Container-homes-23-bw.jpg","name":"Container-homes-23-bw.jpg","meta":{"brizy_attachment_uid":"wp-d09c594bee55b7a9c9d811ea2b345712","brizy_post_uid":["e4e4a9aad05852357c69540ef8ac34d3"]}}],"_links":{"self":[{"href":"http:\/\/aston-estates.es\/index.php?rest_route=\/wp\/v2\/pages\/1073","targetHints":{"allow":["GET"]}}],"collection":[{"href":"http:\/\/aston-estates.es\/index.php?rest_route=\/wp\/v2\/pages"}],"about":[{"href":"http:\/\/aston-estates.es\/index.php?rest_route=\/wp\/v2\/types\/page"}],"author":[{"embeddable":true,"href":"http:\/\/aston-estates.es\/index.php?rest_route=\/wp\/v2\/users\/1"}],"replies":[{"embeddable":true,"href":"http:\/\/aston-estates.es\/index.php?rest_route=%2Fwp%2Fv2%2Fcomments&post=1073"}],"version-history":[{"count":30,"href":"http:\/\/aston-estates.es\/index.php?rest_route=\/wp\/v2\/pages\/1073\/revisions"}],"predecessor-version":[{"id":3007,"href":"http:\/\/aston-estates.es\/index.php?rest_route=\/wp\/v2\/pages\/1073\/revisions\/3007"}],"wp:attachment":[{"href":"http:\/\/aston-estates.es\/index.php?rest_route=%2Fwp%2Fv2%2Fmedia&parent=1073"}],"curies":[{"name":"wp","href":"https:\/\/api.w.org\/{rel}","templated":true}]}}