{"id":1078,"date":"2018-07-10T14:10:17","date_gmt":"2018-07-10T14:10:17","guid":{"rendered":"http:\/\/aston-estates.es\/?page_id=1078"},"modified":"2025-12-21T05:18:47","modified_gmt":"2025-12-21T05:18:47","slug":"contact","status":"publish","type":"page","link":"http:\/\/aston-estates.es\/?page_id=1078","title":{"rendered":"Contacto"},"content":{"rendered":"<div class=\"brz-root__container brz-reset-all brz\">\n<section id=\"_shhzkcrtew\" class=\"brz-section brz-css-nRC0q brz-css-w4GO1\">\n<div class=\"brz-section__content brz-section--boxed brz-css-umw64 brz-css-tyDw4\" data-brz-custom-id=\"jfeyfwxmbm\">\n<div class=\"brz-bg\">\n<div class=\"brz-bg-image\"><\/div>\n<\/div>\n<div class=\"brz-container brz-css-stfUw\">\n<div id=\"\" data-brz-iteration-count=\"1\" class=\"brz-css-luUDn brz-css-dUPhS brz-wrapper brz-animated brz-css-teZ1O brz-css-h6ELH\" data-animationid=\"zrurjsvmer\">\n<div class=\"brz-rich-text brz-rich-text__custom brz-css-yKtAZ\" data-brz-custom-id=\"qqgisygozv\">\n<div data-brz-translate-text=\"1\">\n<h1 class=\"brz-tp-heading1 brz-text-lg-left brz-text-xs-center brz-css-qXH0j\"><span class=\"brz-cp-color2\">Env\u00edenos su solicitud<\/span><\/h1>\n<\/div>\n<\/div>\n<\/div>\n<div id=\"\" data-brz-iteration-count=\"1\" class=\"brz-css-luUDn brz-css-wsPP8 brz-wrapper brz-animated brz-css-rGi_Y brz-css-aaf17\" data-animationid=\"ygkhovyawy\">\n<div class=\"brz-rich-text brz-rich-text__custom brz-css-yKtAZ\" data-brz-custom-id=\"qhthbkfekb\">\n<div data-brz-translate-text=\"1\">\n<p class=\"brz-text-xs-center brz-text-lg-left brz-tp-heading4 brz-css-bbvr6\"><em class=\"brz-cp-color2\">\u00bfQu\u00e9 podemos hacer por usted?<\/em><\/p>\n<\/div>\n<\/div>\n<\/div>\n<\/div>\n<\/div>\n<\/section>\n<section id=\"_yrbmoxeryk\" class=\"brz-section brz-css-nRC0q\">\n<div class=\"brz-section__content brz-section--boxed brz-css-umw64 brz-css-czP3T\" data-brz-custom-id=\"lbfiylbiqd\">\n<div class=\"brz-bg\">\n<div class=\"brz-bg-color\"><\/div>\n<\/div>\n<div class=\"brz-container brz-css-stfUw\">\n<div id=\"\" class=\"brz-css-luUDn brz-wrapper\">\n<div class=\"brz-rich-text brz-rich-text__custom brz-css-yKtAZ\" data-brz-custom-id=\"bgzsvhexkt\">\n<div data-brz-translate-text=\"1\">\n<p class=\"brz-text-xs-center brz-tp-subtitle brz-text-lg-center brz-css-zGHgc\"><span class=\"brz-cp-color3\">CONT\u00c1CTENOS<\/span><\/p>\n<\/div>\n<\/div>\n<\/div>\n<div id=\"\" class=\"brz-css-luUDn brz-css-pMLUx brz-wrapper\">\n<div class=\"brz-rich-text brz-rich-text__custom brz-css-yKtAZ\" data-brz-custom-id=\"mqvzauophh\">\n<div data-brz-translate-text=\"1\">\n<h3 class=\"brz-text-lg-center brz-text-xs-center brz-tp-heading3 brz-css-plOsu\"><span class=\"brz-cp-color7\">P\u00f3ngase en contacto con nosotros y perm\u00edtanos hablar sobre la casa de sus sue\u00f1os.<\/span><\/h3>\n<\/div>\n<\/div>\n<\/div>\n<div id=\"\" class=\"brz-css-luUDn brz-css-t31s9 brz-wrapper\">\n<div class=\"brz-image brz-css-sCBGb\" data-brz-custom-id=\"zyibmksrkm\"><img decoding=\"async\" class=\"brz-img\" src=\"http:\/\/aston-estates.es\/wp-content\/uploads\/brizy\/imgs\/Divider-234x2x0x0x234x2x1569321185.png\" alt=\"\" loading=\"lazy\"><\/div>\n<\/div>\n<div id=\"\" class=\"brz-css-luUDn brz-css-pYEoX brz-wrapper\">\n<div class=\"brz-rich-text brz-rich-text__custom brz-css-yKtAZ\" data-brz-custom-id=\"dzkxdgfdua\">\n<div data-brz-translate-text=\"1\">\n<p class=\"brz-tp-paragraph brz-text-lg-center brz-css-ttsCs\"><span class=\"brz-cp-color7\">En ASTON ESTATES, entendemos que la privacidad de la informaci\u00f3n que nos<\/span><\/p>\n<p class=\"brz-tp-paragraph brz-text-lg-center brz-css-sotdT\"><span class=\"brz-cp-color7\">proporciona es muy importante para usted. Utilizamos los datos recopilados s\u00f3lo<\/span><\/p>\n<p class=\"brz-tp-paragraph brz-text-lg-center brz-css-eyeag\"><span class=\"brz-cp-color7\">para brindarle m\u00e1s informaci\u00f3n sobre nuestros productos y servicios de calidad.<\/span><\/p>\n<p class=\"brz-tp-paragraph brz-text-lg-center brz-css-naT5A\"><span class=\"brz-cp-color7\">Esta informaci\u00f3n NO ser\u00e1 vendida ni distribuida a terceros no afiliados sin su<\/span><\/p>\n<p class=\"brz-text-xs-center brz-tp-paragraph brz-text-lg-center brz-css-hpkUj\"><span class=\"brz-cp-color7\">consentimiento previo<\/span><\/p>\n<\/div>\n<\/div>\n<\/div>\n<div id=\"\" class=\"brz-css-luUDn brz-css-b4Fvk brz-css-dvi_p brz-wrapper\">\n<div class=\"brz-spacer brz-css-po5k6 brz-css-v3TYf\"><\/div>\n<\/div>\n<div class=\"brz-row__container brz-css-teuLA\" data-brz-custom-id=\"efrphevoat\">\n<div class=\"brz-bg\"><\/div>\n<div class=\"brz-row brz-css-ngcYP brz-css-bE_I3\">\n<div class=\"brz-columns brz-css-vuONL brz-css-eJLOK\" data-brz-custom-id=\"gpdpwgyizm\">\n<div class=\"brz-bg\">\n<div class=\"brz-bg-image\"><\/div>\n<\/div>\n<div class=\"brz-column__items brz-css-g5Vz2 brz-css-rpmDn\">\n<div id=\"\" class=\"brz-css-luUDn brz-wrapper\">\n<div class=\"brz-rich-text brz-rich-text__custom brz-css-yKtAZ\" data-brz-custom-id=\"ppozmpxaxd\">\n<div data-brz-translate-text=\"1\">\n<p class=\"brz-tp-subtitle brz-css-pDeK1\"><span class=\"brz-cp-color3\">PONERSE EN CONTACTO<\/span><\/p>\n<\/div>\n<\/div>\n<\/div>\n<div id=\"\" class=\"brz-css-luUDn brz-css-o62DO brz-wrapper\">\n<div class=\"brz-icon-text brz-css-mslRH brz-css-sBgDc\" data-brz-custom-id=\"iwypmeipys\">\n<div class=\"brz-icon__container\" data-brz-custom-id=\"omtxrvbvfn\">\n<div class=\"brz-hover-animation__container\" data-brz-hover-animationid=\"omtxrvbvfn\" data-brz-hover-options=\"%7B%22duration%22:600,%22iterations%22:1%7D\" data-brz-hover-reversible=\"true\" data-brz-hover-target=\"%22firstChild%22\"><span class=\"brz-icon brz-span brz-css-l24R7 brz-css-lNL9I\"><\/span><\/div>\n<\/div>\n<div class=\"brz-text-btn\">\n<div class=\"brz-rich-text brz-rich-text__custom brz-css-yKtAZ\" data-brz-custom-id=\"gmzjmdkatk\">\n<div data-brz-translate-text=\"1\">\n<p class=\"brz-tp-paragraph brz-css-eyftQ\"><span class=\"brz-cp-color4\">33191 Loriana &#8211; Oviedo, Asturias<\/span><\/p>\n<\/div>\n<\/div>\n<\/div>\n<\/div>\n<\/div>\n<div id=\"\" class=\"brz-css-luUDn brz-css-m9N32 brz-wrapper\">\n<div class=\"brz-icon-text brz-css-mslRH brz-css-n5TzS\" data-brz-custom-id=\"jjjpcxuhes\">\n<div class=\"brz-icon__container\" data-brz-custom-id=\"tvbcxtosqz\">\n<div class=\"brz-hover-animation__container\" data-brz-hover-animationid=\"tvbcxtosqz\" data-brz-hover-options=\"%7B%22duration%22:600,%22iterations%22:1%7D\" data-brz-hover-reversible=\"true\" data-brz-hover-target=\"%22firstChild%22\"><span class=\"brz-icon brz-span brz-css-l24R7 brz-css-eTrBV\"><\/span><\/div>\n<\/div>\n<div class=\"brz-text-btn\">\n<div class=\"brz-rich-text brz-rich-text__custom brz-css-yKtAZ\" data-brz-custom-id=\"ptawzlmaiq\">\n<div data-brz-translate-text=\"1\">\n<p class=\"brz-tp-paragraph brz-css-kqJ0B\"><span class=\"brz-cp-color4\">+34.985.404.985<\/span><\/p>\n<p class=\"brz-tp-paragraph brz-css-fQNvd\"><span class=\"brz-cp-color4\">+34.699.730.796<\/span><\/p>\n<\/div>\n<\/div>\n<\/div>\n<\/div>\n<\/div>\n<div id=\"\" class=\"brz-css-luUDn brz-css-b_Cgb brz-wrapper\">\n<div class=\"brz-icon-text brz-css-mslRH brz-css-e6hEW\" data-brz-custom-id=\"mxqmwgjzpz\">\n<div class=\"brz-icon__container\" data-brz-custom-id=\"vclljburwh\">\n<div class=\"brz-hover-animation__container\" data-brz-hover-animationid=\"vclljburwh\" data-brz-hover-options=\"%7B%22duration%22:600,%22iterations%22:1%7D\" data-brz-hover-reversible=\"true\" data-brz-hover-target=\"%22firstChild%22\"><span class=\"brz-icon brz-span brz-css-l24R7 brz-css-smcxt\"><\/span><\/div>\n<\/div>\n<div class=\"brz-text-btn\">\n<div class=\"brz-rich-text brz-rich-text__custom brz-css-yKtAZ\" data-brz-custom-id=\"zoyumlcwzd\">\n<div data-brz-translate-text=\"1\">\n<p class=\"brz-tp-paragraph brz-css-eZl9A\"><span class=\"brz-cp-color4\">info@aston-estates.es<\/span><\/p>\n<\/div>\n<\/div>\n<\/div>\n<\/div>\n<\/div>\n<div id=\"\" class=\"brz-css-luUDn brz-css-b4Fvk brz-css-dbav9 brz-wrapper\">\n<div class=\"brz-spacer brz-css-po5k6 brz-css-s74S1\"><\/div>\n<\/div>\n<div id=\"\" class=\"brz-css-luUDn brz-css-b4Fvk brz-css-yRpj2 brz-wrapper\">\n<div class=\"brz-spacer brz-css-po5k6 brz-css-la7bk\"><\/div>\n<\/div>\n<div id=\"\" class=\"brz-css-luUDn brz-css-b4Fvk brz-wrapper\">\n<div class=\"brz-spacer brz-css-po5k6 brz-css-hta5T\"><\/div>\n<\/div>\n<div id=\"\" class=\"brz-css-luUDn brz-css-b4Fvk brz-css-wioJ7 brz-wrapper\">\n<div class=\"brz-spacer brz-css-po5k6 brz-css-cGLhR\"><\/div>\n<\/div>\n<div id=\"\" class=\"brz-css-luUDn brz-css-b4Fvk brz-css-p11sZ brz-wrapper\">\n<div class=\"brz-spacer brz-css-po5k6 brz-css-yw1MU\"><\/div>\n<\/div>\n<div class=\"brz-wrapper-clone brz-css-kUG7l\">\n<div class=\"brz-d-xs-flex brz-flex-xs-wrap brz-css-hAHFm brz-css-pBaOT\" data-brz-custom-id=\"\">\n<div class=\"brz-wrapper-clone__item\" id=\"nzfgljiklo\">\n<div class=\"brz-icon__container\" data-brz-custom-id=\"nzfgljiklo\">\n<div class=\"brz-hover-animation__container\" data-brz-hover-animationid=\"xmnlkfiznv\" data-brz-hover-options=\"%7B%22duration%22:600,%22iterations%22:1%7D\" data-brz-hover-reversible=\"true\" data-brz-hover-target=\"%22firstChild%22\"><a class=\"brz-a\" href=\"#\" target=\"_self\" rel=\"noopener\" data-brz-link-type=\"external\"><span class=\"brz-icon brz-span brz-css-l24R7 brz-css-inLJp\"><\/span><\/a><\/div>\n<\/div>\n<\/div>\n<div class=\"brz-wrapper-clone__item\" id=\"wlesfefcbe\">\n<div class=\"brz-icon__container\" data-brz-custom-id=\"wlesfefcbe\">\n<div class=\"brz-hover-animation__container\" data-brz-hover-animationid=\"xmnlkfiznv\" data-brz-hover-options=\"%7B%22duration%22:600,%22iterations%22:1%7D\" data-brz-hover-reversible=\"true\" data-brz-hover-target=\"%22firstChild%22\"><a class=\"brz-a\" href=\"#\" target=\"_self\" rel=\"noopener\" data-brz-link-type=\"external\"><span class=\"brz-icon brz-span brz-css-l24R7 brz-css-tic5Y\"><\/span><\/a><\/div>\n<\/div>\n<\/div>\n<div class=\"brz-wrapper-clone__item\" id=\"svczcsnkwe\">\n<div class=\"brz-icon__container\" data-brz-custom-id=\"svczcsnkwe\">\n<div class=\"brz-hover-animation__container\" data-brz-hover-animationid=\"xmnlkfiznv\" data-brz-hover-options=\"%7B%22duration%22:600,%22iterations%22:1%7D\" data-brz-hover-reversible=\"true\" data-brz-hover-target=\"%22firstChild%22\"><a class=\"brz-a\" href=\"#\" target=\"_self\" rel=\"noopener\" data-brz-link-type=\"external\"><span class=\"brz-icon brz-span brz-css-l24R7 brz-css-k4HwL\"><\/span><\/a><\/div>\n<\/div>\n<\/div>\n<div class=\"brz-wrapper-clone__item\" id=\"xljghtxqzh\">\n<div class=\"brz-icon__container\" data-brz-custom-id=\"xljghtxqzh\">\n<div class=\"brz-hover-animation__container\" data-brz-hover-animationid=\"xmnlkfiznv\" data-brz-hover-options=\"%7B%22duration%22:600,%22iterations%22:1%7D\" data-brz-hover-reversible=\"true\" data-brz-hover-target=\"%22firstChild%22\"><a class=\"brz-a\" href=\"#\" target=\"_self\" rel=\"noopener\" data-brz-link-type=\"external\"><span class=\"brz-icon brz-span brz-css-l24R7 brz-css-bjIUm\"><\/span><\/a><\/div>\n<\/div>\n<\/div>\n<div class=\"brz-wrapper-clone__item\" id=\"reljyliovs\">\n<div class=\"brz-icon__container\" data-brz-custom-id=\"reljyliovs\">\n<div class=\"brz-hover-animation__container\" data-brz-hover-animationid=\"xmnlkfiznv\" data-brz-hover-options=\"%7B%22duration%22:600,%22iterations%22:1%7D\" data-brz-hover-reversible=\"true\" data-brz-hover-target=\"%22firstChild%22\"><a class=\"brz-a\" href=\"#\" target=\"_self\" rel=\"noopener\" data-brz-link-type=\"external\"><span class=\"brz-icon brz-span brz-css-l24R7 brz-css-xuIZe\"><\/span><\/a><\/div>\n<\/div>\n<\/div>\n<\/div>\n<\/div>\n<div id=\"\" class=\"brz-css-luUDn brz-css-b4Fvk brz-css-yTEXW brz-wrapper\">\n<div class=\"brz-spacer brz-css-po5k6 brz-css-d73UO\"><\/div>\n<\/div>\n<\/div>\n<\/div>\n<div class=\"brz-columns brz-css-vuONL brz-css-lDbND\" data-brz-custom-id=\"cmowuevoio\">\n<div class=\"brz-bg\"><\/div>\n<div class=\"brz-column__items brz-css-g5Vz2\"><\/div>\n<\/div>\n<div class=\"brz-columns brz-css-vuONL brz-css-yx7j2\" data-brz-custom-id=\"uqudimnwxm\">\n<div class=\"brz-bg\"><\/div>\n<div class=\"brz-column__items brz-css-g5Vz2 brz-css-vgwBc\">\n<div id=\"\" class=\"brz-css-luUDn brz-wrapper\">\n<div class=\"brz-rich-text brz-rich-text__custom brz-css-yKtAZ\" data-brz-custom-id=\"vmytafyzpp\">\n<div data-brz-translate-text=\"1\">\n<p class=\"brz-tp-subtitle brz-css-pXr5_\"><span class=\"brz-cp-color3\">FORMULARIO DE RESERVACI\u00d3N<\/span><\/p>\n<\/div>\n<\/div>\n<\/div>\n<div id=\"\" class=\"brz-css-luUDn brz-wrapper\">\n<div class=\"brz-forms brz-css-ngz81\" data-brz-form-version=\"1\" data-brz-custom-id=\"qdbdqouvct\">\n<div class=\"brz-forms__fields brz-css-pmyiW brz-css-dAJNi\">\n<div class=\"brz-forms__item brz-css-rjwyk\"><\/div>\n<div class=\"brz-forms__item brz-css-rjwyk\"><\/div>\n<div class=\"brz-forms__item brz-css-rjwyk brz-css-vFzGe\"><\/div>\n<div class=\"brz-forms__item brz-css-rjwyk brz-css-rCL_8\"><\/div>\n<div class=\"brz-forms__item brz-css-rjwyk brz-css-bAWP2\"><textarea class=\"brz-textarea brz-forms__field\" id=\"gulrhgmhku\" name=\"gulrhgmhku\" data-brz-type=\"Paragraph\" data-brz-label=\"Mensaje\"><\/textarea><\/div>\n<\/div>\n<div class=\"brz-hover-animation__container\" data-brz-hover-animationid=\"hxfwagulwx\" data-brz-hover-options=\"%7B%22duration%22:600,%22iterations%22:1%7D\" data-brz-hover-reversible=\"true\" data-brz-hover-target=\"%22firstChild%22\"><button class=\"brz-btn brz-btn-submit brz-css-ujo62 brz-css-jV8tW\" data-brz-custom-id=\"hxfwagulwx\"><span data-brz-translate-text=\"1\" class=\"brz-span brz-text__editor\">ENVIAR<\/span><\/button><\/div>\n<div class=\"brz-g-recaptcha\" data-sitekey=\"\" data-size=\"invisible\" data-callback=\"brzFormV1Captcha\"><\/div>\n<\/div>\n<\/div>\n<\/div>\n<\/div>\n<\/div>\n<\/div>\n<\/div>\n<\/div>\n<\/section>\n<section id=\"_cmkjaokxux\" class=\"brz-section brz-css-nRC0q\">\n<div class=\"brz-section__content brz-section--fullWidth brz-css-umw64 brz-css-a9i4m\" data-brz-custom-id=\"sjgatuzfop\">\n<div class=\"brz-container brz-css-stfUw brz-css-vG8xu\">\n<div id=\"\" class=\"brz-css-luUDn brz-css-jDlcp brz-wrapper\">\n<div class=\"brz-map brz-map_styles brz-css-eVkaO brz-css-aO3at\" data-brz-custom-id=\"weppnixahg\">\n<div class=\"brz-ui-ed-map-content\"><\/div>\n<\/div>\n<\/div>\n<\/div>\n<\/div>\n<\/section>\n<\/div>\n<p>    <!-- version:1731976154 --><\/p>\n","protected":false},"excerpt":{"rendered":"<p>Env\u00edenos su solicitud \u00bfQu\u00e9 podemos hacer por usted? CONT\u00c1CTENOS P\u00f3ngase en contacto con nosotros y perm\u00edtanos hablar sobre la casa de sus sue\u00f1os. En ASTON ESTATES, entendemos que la privacidad de la informaci\u00f3n que nos proporciona es muy importante para usted. Utilizamos los datos recopilados s\u00f3lo para brindarle m\u00e1s informaci\u00f3n sobre nuestros productos y servicios [&hellip;]<\/p>\n","protected":false},"author":1,"featured_media":0,"parent":0,"menu_order":0,"comment_status":"closed","ping_status":"closed","template":"visual-builder-template.php","meta":{"footnotes":""},"class_list":["post-1078","page","type-page","status-publish","hentry"],"brizy_media":[{"id":91,"url":"http:\/\/aston-estates.es\/wp-content\/uploads\/2015\/12\/Divider.png","name":"Divider.png","meta":{"brizy_attachment_uid":"wp-4e5aef9b76359df998b85488373e7636","brizy_post_uid":["17ca8dcea84838c9c659ed42c9391414","08558c05ac349cf45556a3267d942d98","d0f0fd1a9b3859fc146861dd8446d6e4","e4e4a9aad05852357c69540ef8ac34d3","dc4e8af83eee10336fcf110fb336b4ef","5ae111a3a7925d42b17d7a0a6bb9dca4"]}},{"id":338,"url":"http:\/\/aston-estates.es\/wp-content\/uploads\/2015\/12\/Testimonial-Pic-1.jpg","name":"Testimonial-Pic-1.jpg","meta":{"brizy_attachment_uid":"wp-a01e1e4e622bd9b2e00f26525febbb6d","brizy_post_uid":["17ca8dcea84838c9c659ed42c9391414","d0f0fd1a9b3859fc146861dd8446d6e4"]}},{"id":563,"url":"http:\/\/aston-estates.es\/wp-content\/uploads\/2016\/01\/Contact-Bkg-Left.jpg","name":"Contact-Bkg-Left.jpg","meta":{"brizy_attachment_uid":"wp-677821ae0b7df80339152966a6b0d1fc","brizy_post_uid":["d0f0fd1a9b3859fc146861dd8446d6e4"]}},{"id":579,"url":"http:\/\/aston-estates.es\/wp-content\/uploads\/2016\/01\/Team-Member-1.jpg","name":"Team-Member-1.jpg","meta":{"brizy_attachment_uid":"wp-fed531c61ba33919ae45e50d3e7f2d17","brizy_post_uid":["d0f0fd1a9b3859fc146861dd8446d6e4"]}},{"id":581,"url":"http:\/\/aston-estates.es\/wp-content\/uploads\/2016\/01\/Team-Member-3.jpg","name":"Team-Member-3.jpg","meta":{"brizy_attachment_uid":"wp-753e33fed57ed57b74637d229baf58ec","brizy_post_uid":["d0f0fd1a9b3859fc146861dd8446d6e4"]}},{"id":702,"url":"http:\/\/aston-estates.es\/wp-content\/uploads\/2016\/01\/Header-Contact.jpg","name":"Header-Contact.jpg","meta":{"brizy_attachment_uid":"wp-dd5525795670aca574fbc8f73d4d4b54","brizy_post_uid":["d0f0fd1a9b3859fc146861dd8446d6e4"]}},{"id":1259,"url":"http:\/\/aston-estates.es\/wp-content\/uploads\/2019\/09\/AE-Contact-bw2.jpg","name":"AE-Contact-bw2.jpg","meta":{"brizy_attachment_uid":"wp-a7216302dc92d8fb49b84a8a3f91c446","brizy_post_uid":["d0f0fd1a9b3859fc146861dd8446d6e4"]}}],"_links":{"self":[{"href":"http:\/\/aston-estates.es\/index.php?rest_route=\/wp\/v2\/pages\/1078","targetHints":{"allow":["GET"]}}],"collection":[{"href":"http:\/\/aston-estates.es\/index.php?rest_route=\/wp\/v2\/pages"}],"about":[{"href":"http:\/\/aston-estates.es\/index.php?rest_route=\/wp\/v2\/types\/page"}],"author":[{"embeddable":true,"href":"http:\/\/aston-estates.es\/index.php?rest_route=\/wp\/v2\/users\/1"}],"replies":[{"embeddable":true,"href":"http:\/\/aston-estates.es\/index.php?rest_route=%2Fwp%2Fv2%2Fcomments&post=1078"}],"version-history":[{"count":30,"href":"http:\/\/aston-estates.es\/index.php?rest_route=\/wp\/v2\/pages\/1078\/revisions"}],"predecessor-version":[{"id":3005,"href":"http:\/\/aston-estates.es\/index.php?rest_route=\/wp\/v2\/pages\/1078\/revisions\/3005"}],"wp:attachment":[{"href":"http:\/\/aston-estates.es\/index.php?rest_route=%2Fwp%2Fv2%2Fmedia&parent=1078"}],"curies":[{"name":"wp","href":"https:\/\/api.w.org\/{rel}","templated":true}]}}