{"id":1101,"date":"2018-07-11T07:56:37","date_gmt":"2018-07-11T07:56:37","guid":{"rendered":"http:\/\/aston-estates.es\/?page_id=1101"},"modified":"2025-12-21T06:24:37","modified_gmt":"2025-12-21T06:24:37","slug":"comercial","status":"publish","type":"page","link":"http:\/\/aston-estates.es\/?page_id=1101","title":{"rendered":"Comercial"},"content":{"rendered":"<div class=\"brz-root__container brz-reset-all brz brz-root__container-page\">\n<section id=\"_shhzkcrtew\" class=\"brz-section brz-css-z5wikv brz-css-10dqkum\">\n<div class=\"brz-section__content brz-section--boxed brz-css-1khbzm7 brz-css-4v4mxs\" data-brz-custom-id=\"jfeyfwxmbm\">\n<div class=\"brz-bg\">\n<div class=\"brz-bg-image\"><\/div>\n<\/div>\n<div class=\"brz-container brz-css-1axv5mc\">\n<div id=\"\" data-brz-iteration-count=\"1\" class=\"brz-css-17fd0gu brz-css-1ky5red brz-wrapper brz-animated brz-css-vdwu99 brz-css-120uw6r\" data-animationid=\"zrurjsvmer\">\n<div class=\"brz-rich-text brz-rich-text__custom brz-css-1w695em\" data-brz-custom-id=\"qqgisygozv\">\n<div data-brz-translate-text=\"1\">\n<h1 class=\"brz-tp-heading1 brz-text-xs-center brz-text-lg-right brz-css-uZXjS\"><span class=\"brz-cp-color8\">Propiedades Comerciales<\/span><\/h1>\n<\/div>\n<\/div>\n<\/div>\n<div id=\"\" data-brz-iteration-count=\"1\" class=\"brz-css-17fd0gu brz-css-a14ssy brz-wrapper brz-animated brz-css-sqqj0g brz-css-16vtmit\" data-animationid=\"ygkhovyawy\">\n<div class=\"brz-rich-text brz-rich-text__custom brz-css-1w695em\" data-brz-custom-id=\"qhthbkfekb\">\n<div data-brz-translate-text=\"1\">\n<p class=\"brz-text-xs-center brz-tp-heading4 brz-text-lg-right brz-css-lSwwT\"><em class=\"brz-cp-color8\">Desarrollo de proyectos comerciales <\/em><\/p>\n<\/div>\n<\/div>\n<\/div>\n<\/div>\n<\/div>\n<\/section>\n<section id=\"_yrbmoxeryk\" class=\"brz-section brz-css-z5wikv\">\n<div class=\"brz-section__content brz-section--boxed brz-css-1khbzm7 brz-css-170v607\" data-brz-custom-id=\"lbfiylbiqd\">\n<div class=\"brz-bg\">\n<div class=\"brz-bg-color\"><\/div>\n<\/div>\n<div class=\"brz-container brz-css-1axv5mc\">\n<div id=\"\" class=\"brz-css-17fd0gu brz-wrapper\">\n<div class=\"brz-rich-text brz-rich-text__custom brz-css-1w695em\" data-brz-custom-id=\"bgzsvhexkt\">\n<div data-brz-translate-text=\"1\">\n<p class=\"brz-tp-subtitle brz-text-lg-center brz-text-xs-center brz-css-bIWNS\"><span class=\"brz-cp-color3\">P\u00d3NGASE EN CONTACTO CON NOSOTROS, ESPERAMOS SU OFERTA<\/span><\/p>\n<\/div>\n<\/div>\n<\/div>\n<div id=\"\" class=\"brz-css-17fd0gu brz-css-lk9uuw brz-wrapper\">\n<div class=\"brz-rich-text brz-rich-text__custom brz-css-1w695em\" data-brz-custom-id=\"mqvzauophh\">\n<div data-brz-translate-text=\"1\">\n<h3 class=\"brz-text-lg-center brz-tp-heading3 brz-css-rdQm1\"><span class=\"brz-cp-color7\"> Estamos siempre en constante b\u00fasqueda de terrenos para nuestros pr\u00f3ximos proyectos comerciales.<\/span><\/h3>\n<\/div>\n<\/div>\n<\/div>\n<div id=\"\" class=\"brz-css-17fd0gu brz-css-1ubry8w brz-wrapper\">\n<div class=\"brz-image brz-css-ysazt8\" data-brz-custom-id=\"zyibmksrkm\"><img decoding=\"async\" class=\"brz-img\" src=\"http:\/\/aston-estates.es\/wp-content\/uploads\/brizy\/imgs\/Divider-234x2x0x0x234x2x1569321185.png\" alt=\"\" loading=\"lazy\"><\/div>\n<\/div>\n<div id=\"\" class=\"brz-css-17fd0gu brz-css-swepce brz-wrapper\">\n<div class=\"brz-rich-text brz-rich-text__custom brz-css-1w695em\" data-brz-custom-id=\"grfaypkvnxxakzyulgrusttyeeqqzefqyvys\">\n<div data-brz-translate-text=\"1\">\n<p class=\"brz-fs-xs-im-21 brz-fs-lg-21 brz-ft-google brz-fw-xs-im-300 brz-fw-sm-im-undefined brz-fw-lg-400 brz-ff-crimson_text brz-ls-xs-im-0 brz-ls-sm-im-undefined brz-ls-lg-0_5 brz-lh-xs-im-1_6 brz-lh-sm-im-undefined brz-lh-lg-1_8 brz-text-lg-center brz-css-f5zs7\"><span class=\"brz-cp-color7\">Actualmente estamos desarrollando nuevas ubicaciones para reconocidas empresas l\u00edderes de<\/span><\/p>\n<p class=\"brz-lh-xs-im-1_4 brz-lh-sm-im-NaN brz-lh-lg-1_6 brz-fs-xs-im-21 brz-fs-lg-21 brz-ft-google brz-fw-xs-im-300 brz-fw-sm-im-undefined brz-fw-lg-400 brz-ff-crimson_text brz-ls-xs-im-0 brz-ls-sm-im-undefined brz-ls-lg-0_5 brz-text-lg-center brz-css-cfsrX\"><span class=\"brz-cp-color7\">la industria comercial de diversos sectores, tales como el alimentario, el de la construcci\u00f3n o el sector de mobiliario del hogar. Trabajamos como contratistas generales, as\u00ed como inversores. Siempre estamos buscando el siguiente terreno potencial y ubicaci\u00f3n.<\/span><\/p>\n<\/div>\n<\/div>\n<\/div>\n<div id=\"\" class=\"brz-css-17fd0gu brz-css-148ir2l brz-css-1dyh8dj brz-wrapper\">\n<div class=\"brz-spacer brz-css-pnmfe2 brz-css-156gl2o\"><\/div>\n<\/div>\n<div class=\"brz-row__container brz-css-4h3eem brz-css-msli6z\" data-brz-custom-id=\"dvvvpjvlvf\">\n<div class=\"brz-bg\"><\/div>\n<div class=\"brz-row brz-css-137t07t brz-css-rih0nv\">\n<div class=\"brz-columns brz-css-nzojoz brz-css-vskpvi\" data-brz-custom-id=\"svxhbmlnaa\">\n<div class=\"brz-bg\">\n<div class=\"brz-bg-image\"><\/div>\n<\/div>\n<div class=\"brz-column__items brz-css-csi04f brz-css-p5o2yx\">\n<div id=\"\" class=\"brz-css-17fd0gu brz-css-148ir2l brz-wrapper\">\n<div class=\"brz-spacer brz-css-pnmfe2 brz-css-14mlw80\"><\/div>\n<\/div>\n<\/div>\n<\/div>\n<div class=\"brz-columns brz-css-nzojoz brz-css-vwx3og\" data-brz-custom-id=\"ppdsxbbhjc\">\n<div class=\"brz-bg\"><\/div>\n<div class=\"brz-column__items brz-css-csi04f brz-css-1ccxltv\">\n<div id=\"\" class=\"brz-css-17fd0gu brz-wrapper\">\n<div class=\"brz-rich-text brz-rich-text__custom brz-css-1w695em\" data-brz-custom-id=\"cizpampump\">\n<div data-brz-translate-text=\"1\">\n<h5 class=\"brz-tp-heading5 brz-css-qWi1J\"><span class=\"brz-cp-color7\">CADENAS DE TIENDAS DE DECORACI\u00d3N<\/span><\/h5>\n<\/div>\n<\/div>\n<\/div>\n<div id=\"\" class=\"brz-css-17fd0gu brz-css-vb80zg brz-wrapper\">\n<div class=\"brz-line brz-line-default brz-css-oai36e brz-css-58gbit\" data-brz-custom-id=\"vugbpadyky\">\n<hr class=\"brz-hr\"><\/div>\n<\/div>\n<div id=\"\" class=\"brz-css-17fd0gu brz-wrapper\">\n<div class=\"brz-rich-text brz-rich-text__custom brz-css-1w695em\" data-brz-custom-id=\"ojsbvetnli\">\n<div data-brz-translate-text=\"1\">\n<p class=\"brz-tp-paragraph brz-css-cJOB9\"><span class=\"brz-cp-color7\">Superficies que var\u00edan desde 3.000 hasta 6.000 m2, ubicados en parques empresariales o junto a grandes centros comerciales. Edificables con<\/span><\/p>\n<p class=\"brz-tp-paragraph brz-css-wFXmR\"><span class=\"brz-cp-color7\">800m2 de \u00e1rea de ventas y 30 plazas de aparcamiento en ciudades de 20.000 habitantes.<\/span><\/p>\n<\/div>\n<\/div>\n<\/div>\n<div id=\"\" class=\"brz-css-17fd0gu brz-css-148ir2l brz-css-fiauph brz-wrapper\">\n<div class=\"brz-spacer brz-css-pnmfe2 brz-css-1w2qulw\"><\/div>\n<\/div>\n<div class=\"brz-row__container brz-css-4h3eem\" data-brz-custom-id=\"zycznlazpt\">\n<div class=\"brz-bg\"><\/div>\n<div class=\"brz-row brz-row--inner brz-css-137t07t brz-css-11z7hoi\">\n<div class=\"brz-columns brz-css-nzojoz brz-css-1lkk99d\" data-brz-custom-id=\"wozqocibbm\">\n<div class=\"brz-bg\"><\/div>\n<div class=\"brz-column__items brz-css-csi04f brz-css-lovjqe\">\n<div class=\"brz-wrapper-clone brz-css-1xufd4a\">\n<div class=\"brz-d-xs-flex brz-flex-xs-wrap brz-css-1b2hh34 brz-css-18b23yh\" data-brz-custom-id=\"\">\n<div class=\"brz-wrapper-clone__item\" id=\"qumlsyhuoe\"><a class=\"brz-a brz-btn brz-css-okuuoz brz-css-1le803k brz-css-8sok7x brz-css-apevli\" href=\"\/?page_id=1078\" target=\"_self\" rel=\"noopener\" data-brz-link-type=\"external\" data-brz-custom-id=\"qumlsyhuoe\"><span data-brz-translate-text=\"1\" class=\"brz-span brz-text__editor\">CONTACTENOS<\/span><\/a><\/div>\n<\/div>\n<\/div>\n<\/div>\n<\/div>\n<\/div>\n<\/div>\n<div id=\"\" class=\"brz-css-17fd0gu brz-css-148ir2l brz-css-xen98z brz-wrapper\">\n<div class=\"brz-spacer brz-css-pnmfe2 brz-css-jcdv2g\"><\/div>\n<\/div>\n<\/div>\n<\/div>\n<\/div>\n<\/div>\n<div id=\"\" class=\"brz-css-17fd0gu brz-css-148ir2l brz-css-1mx8gaq brz-wrapper\">\n<div class=\"brz-spacer brz-css-pnmfe2 brz-css-gzaawn\"><\/div>\n<\/div>\n<div class=\"brz-row__container brz-css-4h3eem brz-css-11v634o\" data-brz-custom-id=\"rapyzdghps\">\n<div class=\"brz-bg\"><\/div>\n<div class=\"brz-row brz-css-137t07t brz-css-grl0gc\">\n<div class=\"brz-columns brz-css-nzojoz brz-css-1q76e3\" data-brz-custom-id=\"pocijpifsu\">\n<div class=\"brz-bg\">\n<div class=\"brz-bg-image\"><\/div>\n<\/div>\n<div class=\"brz-column__items brz-css-csi04f brz-css-erez3a\">\n<div id=\"\" class=\"brz-css-17fd0gu brz-css-148ir2l brz-wrapper\">\n<div class=\"brz-spacer brz-css-pnmfe2 brz-css-1nkul7e\"><\/div>\n<\/div>\n<\/div>\n<\/div>\n<div class=\"brz-columns brz-css-nzojoz brz-css-11x16ho\" data-brz-custom-id=\"nvcuhevuea\">\n<div class=\"brz-bg\"><\/div>\n<div class=\"brz-column__items brz-css-csi04f brz-css-vxvijx\">\n<div id=\"\" class=\"brz-css-17fd0gu brz-wrapper\">\n<div class=\"brz-rich-text brz-rich-text__custom brz-css-1w695em\" data-brz-custom-id=\"iapzkvwmib\">\n<div data-brz-translate-text=\"1\">\n<h5 class=\"brz-tp-heading5 brz-css-aW7al\"><span class=\"brz-cp-color7\">CADENAS DE SUPERMERCADOS<\/span><\/h5>\n<\/div>\n<\/div>\n<\/div>\n<div id=\"\" class=\"brz-css-17fd0gu brz-css-13oyp4l brz-wrapper\">\n<div class=\"brz-line brz-line-default brz-css-oai36e brz-css-m8hda1\" data-brz-custom-id=\"riawbulkfu\">\n<hr class=\"brz-hr\"><\/div>\n<\/div>\n<div id=\"\" class=\"brz-css-17fd0gu brz-wrapper\">\n<div class=\"brz-rich-text brz-rich-text__custom brz-css-1w695em\" data-brz-custom-id=\"kkuwrluzwk\">\n<div data-brz-translate-text=\"1\">\n<p class=\"brz-tp-paragraph brz-css-gEL3_\"><span class=\"brz-cp-color7\">Superficies que var\u00edan desde de 4.000 hasta 8.000 m2, ubicados en parques empresariales o junto a grandes centros comerciales. Edificables con 1.600 m2 de \u00e1rea de ventas y 80 plazas de aparcamiento<\/span><\/p>\n<p class=\"brz-tp-paragraph brz-css-rE2Us\"><span class=\"brz-cp-color7\">en ciudades de 20.000 habitantes.<\/span><\/p>\n<\/div>\n<\/div>\n<\/div>\n<div id=\"\" class=\"brz-css-17fd0gu brz-css-148ir2l brz-css-1cw82zz brz-wrapper\">\n<div class=\"brz-spacer brz-css-pnmfe2 brz-css-hf5497\"><\/div>\n<\/div>\n<div class=\"brz-row__container brz-css-4h3eem\" data-brz-custom-id=\"cblmsrrpnp\">\n<div class=\"brz-bg\"><\/div>\n<div class=\"brz-row brz-row--inner brz-css-137t07t brz-css-11z7hoi\">\n<div class=\"brz-columns brz-css-nzojoz brz-css-qtr63j\" data-brz-custom-id=\"vjbghebxeu\">\n<div class=\"brz-bg\"><\/div>\n<div class=\"brz-column__items brz-css-csi04f brz-css-19hge3c\">\n<div class=\"brz-wrapper-clone brz-css-1xufd4a\">\n<div class=\"brz-d-xs-flex brz-flex-xs-wrap brz-css-1b2hh34 brz-css-k6i1dl\" data-brz-custom-id=\"\">\n<div class=\"brz-wrapper-clone__item\" id=\"wsazsuxchc\"><a class=\"brz-a brz-btn brz-css-okuuoz brz-css-zkhusq brz-css-8sok7x brz-css-610lw6\" href=\"\/?page_id=1078\" target=\"_self\" rel=\"noopener\" data-brz-link-type=\"external\" data-brz-custom-id=\"wsazsuxchc\"><span data-brz-translate-text=\"1\" class=\"brz-span brz-text__editor\">CONTACTENOS<\/span><\/a><\/div>\n<\/div>\n<\/div>\n<\/div>\n<\/div>\n<\/div>\n<\/div>\n<div id=\"\" class=\"brz-css-17fd0gu brz-css-148ir2l brz-css-7z9re3 brz-wrapper\">\n<div class=\"brz-spacer brz-css-pnmfe2 brz-css-1falf0e\"><\/div>\n<\/div>\n<\/div>\n<\/div>\n<\/div>\n<\/div>\n<div id=\"\" class=\"brz-css-17fd0gu brz-css-148ir2l brz-css-tu6jbt brz-wrapper\">\n<div class=\"brz-spacer brz-css-pnmfe2 brz-css-1wmc5tv\"><\/div>\n<\/div>\n<div class=\"brz-row__container brz-css-4h3eem brz-css-16mlek4\" data-brz-custom-id=\"cdzpajiixg\">\n<div class=\"brz-bg\"><\/div>\n<div class=\"brz-row brz-css-137t07t brz-css-iu3fkh\">\n<div class=\"brz-columns brz-css-nzojoz brz-css-85gapy\" data-brz-custom-id=\"dhzhgtdxeu\">\n<div class=\"brz-bg\">\n<div class=\"brz-bg-image\"><\/div>\n<\/div>\n<div class=\"brz-column__items brz-css-csi04f brz-css-1iq46kb\">\n<div id=\"\" class=\"brz-css-17fd0gu brz-css-148ir2l brz-wrapper\">\n<div class=\"brz-spacer brz-css-pnmfe2 brz-css-35nisg\"><\/div>\n<\/div>\n<\/div>\n<\/div>\n<div class=\"brz-columns brz-css-nzojoz brz-css-ol2f31\" data-brz-custom-id=\"jqposrztcm\">\n<div class=\"brz-bg\"><\/div>\n<div class=\"brz-column__items brz-css-csi04f brz-css-xxebjs\">\n<div id=\"\" class=\"brz-css-17fd0gu brz-wrapper\">\n<div class=\"brz-rich-text brz-rich-text__custom brz-css-1w695em\" data-brz-custom-id=\"zuewvsnpyr\">\n<div data-brz-translate-text=\"1\">\n<h5 class=\"brz-tp-heading5 brz-css-cTCm9\"><span class=\"brz-cp-color7\">ALMACENES DE BRICOLAJE Y CONSTRUCCI\u00d3N<\/span><\/h5>\n<\/div>\n<\/div>\n<\/div>\n<div id=\"\" class=\"brz-css-17fd0gu brz-css-1fwmc8t brz-wrapper\">\n<div class=\"brz-line brz-line-default brz-css-oai36e brz-css-1d68y0a\" data-brz-custom-id=\"vtqrycrqkc\">\n<hr class=\"brz-hr\"><\/div>\n<\/div>\n<div id=\"\" class=\"brz-css-17fd0gu brz-wrapper\">\n<div class=\"brz-rich-text brz-rich-text__custom brz-css-1w695em\" data-brz-custom-id=\"jqzmzajkhw\">\n<div data-brz-translate-text=\"1\">\n<p class=\"brz-tp-paragraph brz-css-fkCiM\"><span class=\"brz-cp-color7\">Superficies que var\u00edan desde 25.000 hasta 450.000 m2, ubicados en parques empresariales o junto a grandes superficies comerciales. Edificables entre 5.000 y 8.000 m2 de \u00e1rea de ventas y 200 plazas de aparcamiento en ciudades de 100.000 habitantes.<\/span><\/p>\n<\/div>\n<\/div>\n<\/div>\n<div id=\"\" class=\"brz-css-17fd0gu brz-css-148ir2l brz-css-1wklp2r brz-wrapper\">\n<div class=\"brz-spacer brz-css-pnmfe2 brz-css-12hpfju\"><\/div>\n<\/div>\n<div class=\"brz-row__container brz-css-4h3eem\" data-brz-custom-id=\"fdxjjyynlw\">\n<div class=\"brz-bg\"><\/div>\n<div class=\"brz-row brz-row--inner brz-css-137t07t brz-css-11z7hoi\">\n<div class=\"brz-columns brz-css-nzojoz brz-css-bo9ie7\" data-brz-custom-id=\"zdsvcjhyix\">\n<div class=\"brz-bg\"><\/div>\n<div class=\"brz-column__items brz-css-csi04f brz-css-xk9aa\">\n<div class=\"brz-wrapper-clone brz-css-1xufd4a\">\n<div class=\"brz-d-xs-flex brz-flex-xs-wrap brz-css-1b2hh34 brz-css-1d9154h\" data-brz-custom-id=\"\">\n<div class=\"brz-wrapper-clone__item\" id=\"mqejbtwruq\"><a class=\"brz-a brz-btn brz-css-okuuoz brz-css-1jynkx2 brz-css-8sok7x brz-css-dmq6ie\" href=\"\/?page_id=1078\" target=\"_self\" rel=\"noopener\" data-brz-link-type=\"external\" data-brz-custom-id=\"mqejbtwruq\"><span data-brz-translate-text=\"1\" class=\"brz-span brz-text__editor\">CONTACTENOS<\/span><\/a><\/div>\n<\/div>\n<\/div>\n<\/div>\n<\/div>\n<\/div>\n<\/div>\n<div id=\"\" class=\"brz-css-17fd0gu brz-css-148ir2l brz-css-18ss4t2 brz-wrapper\">\n<div class=\"brz-spacer brz-css-pnmfe2 brz-css-1hpkqff\"><\/div>\n<\/div>\n<\/div>\n<\/div>\n<\/div>\n<\/div>\n<div class=\"brz-wrapper-clone brz-css-1xufd4a brz-css-u6pkla\">\n<div class=\"brz-d-xs-flex brz-flex-xs-wrap brz-css-1b2hh34\" data-brz-custom-id=\"\">\n<div class=\"brz-wrapper-clone__item\" id=\"wlesfhebixgpmcrefttchtjzmmvjtxwvvath\"><a class=\"brz-a brz-btn brz-css-okuuoz brz-css-1x1b8iy brz-css-8sok7x brz-css-99nu2v\" href=\"\/?page_id=1810\" target=\"_self\" rel=\"noopener\" data-brz-link-type=\"external\" data-brz-custom-id=\"wlesfhebixgpmcrefttchtjzmmvjtxwvvath\"><span data-brz-translate-text=\"1\" class=\"brz-span brz-text__editor\">VEA LO QUE HEMOS HECHO<\/span><\/a><\/div>\n<\/div>\n<\/div>\n<\/div>\n<\/div>\n<\/section>\n<\/div>\n<p>    <!-- version:1737547446 --><\/p>\n","protected":false},"excerpt":{"rendered":"<p>Propiedades Comerciales Desarrollo de proyectos comerciales P\u00d3NGASE EN CONTACTO CON NOSOTROS, ESPERAMOS SU OFERTA Estamos siempre en constante b\u00fasqueda de terrenos para nuestros pr\u00f3ximos proyectos comerciales. Actualmente estamos desarrollando nuevas ubicaciones para reconocidas empresas l\u00edderes de la industria comercial de diversos sectores, tales como el alimentario, el de la construcci\u00f3n o el sector de mobiliario [&hellip;]<\/p>\n","protected":false},"author":1,"featured_media":0,"parent":0,"menu_order":0,"comment_status":"closed","ping_status":"closed","template":"","meta":{"footnotes":""},"class_list":["post-1101","page","type-page","status-publish","hentry"],"brizy_media":[{"id":91,"url":"http:\/\/aston-estates.es\/wp-content\/uploads\/2015\/12\/Divider.png","name":"Divider.png","meta":{"brizy_attachment_uid":"wp-4e5aef9b76359df998b85488373e7636","brizy_post_uid":["17ca8dcea84838c9c659ed42c9391414","08558c05ac349cf45556a3267d942d98","d0f0fd1a9b3859fc146861dd8446d6e4","e4e4a9aad05852357c69540ef8ac34d3","dc4e8af83eee10336fcf110fb336b4ef","5ae111a3a7925d42b17d7a0a6bb9dca4"]}},{"id":335,"url":"http:\/\/aston-estates.es\/wp-content\/uploads\/2015\/12\/Testimonials-Background.jpg","name":"Testimonials-Background.jpg","meta":{"brizy_attachment_uid":"wp-35968fdd97607344153efa19a734ec5e","brizy_post_uid":["17ca8dcea84838c9c659ed42c9391414","08558c05ac349cf45556a3267d942d98"]}},{"id":359,"url":"http:\/\/aston-estates.es\/wp-content\/uploads\/2015\/12\/Accommodation-Header.jpg","name":"Accommodation-Header.jpg","meta":{"brizy_attachment_uid":"wp-7f3a907161242b535f71b3456f9ca327","brizy_post_uid":["08558c05ac349cf45556a3267d942d98"]}},{"id":436,"url":"http:\/\/aston-estates.es\/wp-content\/uploads\/2015\/12\/Accommodation-Slider-2.jpg","name":"Accommodation-Slider-2.jpg","meta":{"brizy_attachment_uid":"wp-06c89a583276e2a32ff38f38e6771bd7","brizy_post_uid":["08558c05ac349cf45556a3267d942d98"]}},{"id":460,"url":"http:\/\/aston-estates.es\/wp-content\/uploads\/2015\/12\/Accommodation-Slider-4.jpg","name":"Accommodation-Slider-4.jpg","meta":{"brizy_attachment_uid":"wp-e8213c39d93df1ed69a1bb946c689d17","brizy_post_uid":["08558c05ac349cf45556a3267d942d98"]}},{"id":463,"url":"http:\/\/aston-estates.es\/wp-content\/uploads\/2015\/12\/Accommodation-Slider-9.jpg","name":"Accommodation-Slider-9.jpg","meta":{"brizy_attachment_uid":"wp-698b5c1295a0c370961f2e52b1013c34","brizy_post_uid":["08558c05ac349cf45556a3267d942d98"]}},{"id":1263,"url":"http:\/\/aston-estates.es\/wp-content\/uploads\/2019\/09\/AE-DIY-bw.jpg","name":"AE-DIY-bw.jpg","meta":{"brizy_attachment_uid":"wp-37e7cd51f6fee4b44009ea4247666e00","brizy_post_uid":["08558c05ac349cf45556a3267d942d98"]}},{"id":1264,"url":"http:\/\/aston-estates.es\/wp-content\/uploads\/2019\/09\/AE-Furnitures-bw.jpg","name":"AE-Furnitures-bw.jpg","meta":{"brizy_attachment_uid":"wp-de7dd781e3ae51a378aeaff71a01481f","brizy_post_uid":["08558c05ac349cf45556a3267d942d98"]}},{"id":1348,"url":"http:\/\/aston-estates.es\/wp-content\/uploads\/2019\/09\/lidl-supermercado-bn.jpg","name":"lidl-supermercado-bn.jpg","meta":{"brizy_attachment_uid":"wp-b56c86d0fe6d3df97a42b7f91d952d6d","brizy_post_uid":["17ca8dcea84838c9c659ed42c9391414","08558c05ac349cf45556a3267d942d98"]}},{"id":1592,"url":"http:\/\/aston-estates.es\/wp-content\/uploads\/2019\/09\/AE-Grocery-bw.jpg","name":"AE-Grocery-bw.jpg","meta":{"brizy_attachment_uid":"wp-8ba5947d69999096ee59b63e40e68269","brizy_post_uid":["08558c05ac349cf45556a3267d942d98"]}},{"id":1890,"url":"http:\/\/aston-estates.es\/wp-content\/uploads\/2019\/10\/left-banner-unbranded.jpg","name":"left-banner-unbranded.jpg","meta":{"brizy_attachment_uid":"wp-4e556c6e3ff060d4b80a28a4fb70557c","brizy_post_uid":["08558c05ac349cf45556a3267d942d98"]}}],"_links":{"self":[{"href":"http:\/\/aston-estates.es\/index.php?rest_route=\/wp\/v2\/pages\/1101","targetHints":{"allow":["GET"]}}],"collection":[{"href":"http:\/\/aston-estates.es\/index.php?rest_route=\/wp\/v2\/pages"}],"about":[{"href":"http:\/\/aston-estates.es\/index.php?rest_route=\/wp\/v2\/types\/page"}],"author":[{"embeddable":true,"href":"http:\/\/aston-estates.es\/index.php?rest_route=\/wp\/v2\/users\/1"}],"replies":[{"embeddable":true,"href":"http:\/\/aston-estates.es\/index.php?rest_route=%2Fwp%2Fv2%2Fcomments&post=1101"}],"version-history":[{"count":30,"href":"http:\/\/aston-estates.es\/index.php?rest_route=\/wp\/v2\/pages\/1101\/revisions"}],"predecessor-version":[{"id":3008,"href":"http:\/\/aston-estates.es\/index.php?rest_route=\/wp\/v2\/pages\/1101\/revisions\/3008"}],"wp:attachment":[{"href":"http:\/\/aston-estates.es\/index.php?rest_route=%2Fwp%2Fv2%2Fmedia&parent=1101"}],"curies":[{"name":"wp","href":"https:\/\/api.w.org\/{rel}","templated":true}]}}